{"id":1656,"date":"2023-07-19T10:07:14","date_gmt":"2023-07-19T08:07:14","guid":{"rendered":"https:\/\/termomont.cz\/careers\/"},"modified":"2023-07-28T09:30:29","modified_gmt":"2023-07-28T07:30:29","slug":"careers","status":"publish","type":"page","link":"https:\/\/termomont.cz\/en\/careers\/","title":{"rendered":"Careers"},"content":{"rendered":"\t\t<div data-elementor-type=\"wp-page\" data-elementor-id=\"1656\" class=\"elementor elementor-1656 elementor-1202\" data-elementor-post-type=\"page\">\n\t\t\t\t\t\t<section data-particle_enable=\"false\" data-particle-mobile-disabled=\"false\" class=\"elementor-section elementor-top-section elementor-element elementor-element-cf62823 elementor-section-boxed elementor-section-height-default elementor-section-height-default\" data-id=\"cf62823\" data-element_type=\"section\" data-e-type=\"section\" data-settings=\"{&quot;background_background&quot;:&quot;slideshow&quot;,&quot;background_slideshow_gallery&quot;:[{&quot;id&quot;:755,&quot;url&quot;:&quot;https:\\\/\\\/termomont.cz\\\/wp-content\\\/uploads\\\/fotka-na-pozadi-1.jpg&quot;}],&quot;background_slideshow_loop&quot;:&quot;yes&quot;,&quot;background_slideshow_slide_duration&quot;:5000,&quot;background_slideshow_slide_transition&quot;:&quot;fade&quot;,&quot;background_slideshow_transition_duration&quot;:500}\">\n\t\t\t\t\t\t<div class=\"elementor-container elementor-column-gap-default\">\n\t\t\t\t\t<div class=\"elementor-column elementor-col-100 elementor-top-column elementor-element elementor-element-7010e4c\" data-id=\"7010e4c\" data-element_type=\"column\" data-e-type=\"column\">\n\t\t\t<div class=\"elementor-widget-wrap elementor-element-populated\">\n\t\t\t\t\t\t<div class=\"elementor-element elementor-element-1659479 elementor-widget elementor-widget-spacer\" data-id=\"1659479\" data-element_type=\"widget\" data-e-type=\"widget\" data-widget_type=\"spacer.default\">\n\t\t\t\t<div class=\"elementor-widget-container\">\n\t\t\t\t\t\t\t<div class=\"elementor-spacer\">\n\t\t\t<div class=\"elementor-spacer-inner\"><\/div>\n\t\t<\/div>\n\t\t\t\t\t\t<\/div>\n\t\t\t\t<\/div>\n\t\t\t\t\t<\/div>\n\t\t<\/div>\n\t\t\t\t\t<\/div>\n\t\t<\/section>\n\t\t\t\t<section data-particle_enable=\"false\" data-particle-mobile-disabled=\"false\" class=\"elementor-section elementor-top-section elementor-element elementor-element-87c994d elementor-section-boxed elementor-section-height-default elementor-section-height-default\" data-id=\"87c994d\" data-element_type=\"section\" data-e-type=\"section\" data-settings=\"{&quot;background_background&quot;:&quot;classic&quot;}\">\n\t\t\t\t\t\t<div class=\"elementor-container elementor-column-gap-default\">\n\t\t\t\t\t<div class=\"elementor-column elementor-col-100 elementor-top-column elementor-element elementor-element-8f1f34e\" data-id=\"8f1f34e\" data-element_type=\"column\" data-e-type=\"column\">\n\t\t\t<div class=\"elementor-widget-wrap elementor-element-populated\">\n\t\t\t\t\t\t<div class=\"elementor-element elementor-element-476e389 elementor-widget elementor-widget-heading\" data-id=\"476e389\" data-element_type=\"widget\" data-e-type=\"widget\" data-widget_type=\"heading.default\">\n\t\t\t\t<div class=\"elementor-widget-container\">\n\t\t\t\t\t<h1 class=\"elementor-heading-title elementor-size-default\">careers<\/h1>\t\t\t\t<\/div>\n\t\t\t\t<\/div>\n\t\t\t\t<div class=\"elementor-element elementor-element-920d7cb elementor-widget__width-initial elementor-widget elementor-widget-text-editor\" data-id=\"920d7cb\" data-element_type=\"widget\" data-e-type=\"widget\" data-widget_type=\"text-editor.default\">\n\t\t\t\t<div class=\"elementor-widget-container\">\n\t\t\t\t\t\t\t\t\t<p>Current vacancies for employment at TERMOMONT s.r.o.<\/p>\n<p>Candidates are selected on the basis of a competitive selection process. Please send a basic CV to: <a href=\"mailto:ekubesova@termomont.cz\"><strong>ekubesova@termomont.cz<\/strong><\/a>. <\/p>\n\t\t\t\t\t\t\t\t<\/div>\n\t\t\t\t<\/div>\n\t\t\t\t<div class=\"elementor-element elementor-element-3186fad elementor-widget__width-initial elementor-widget elementor-widget-eael-adv-accordion\" data-id=\"3186fad\" data-element_type=\"widget\" data-e-type=\"widget\" data-widget_type=\"eael-adv-accordion.default\">\n\t\t\t\t<div class=\"elementor-widget-container\">\n\t\t\t\t\t            <div class=\"eael-adv-accordion\" id=\"eael-adv-accordion-3186fad\" data-scroll-on-click=\"no\" data-scroll-speed=\"300\" data-accordion-id=\"3186fad\" data-accordion-type=\"accordion\" data-toogle-speed=\"300\">\n            <div class=\"eael-accordion-list\">\n\t\t\t\t\t<div id=\"budget-analystconstruction-manager-building-and-construction-management-litomyl\" class=\"elementor-tab-title eael-accordion-header\" tabindex=\"0\" data-tab=\"1\" aria-controls=\"elementor-tab-content-5191\"><span class=\"eael-advanced-accordion-icon-closed\"><i aria-hidden=\"true\" class=\"fa-accordion-icon fas fa-plus\"><\/i><\/span><span class=\"eael-advanced-accordion-icon-opened\"><\/span><span class=\"eael-accordion-tab-title\">Budget Analyst\/Construction Manager \u2013 Building and Construction Management (Litomy\u0161l)<\/span><i aria-hidden=\"true\" class=\"fa-toggle fas fa-angle-right\"><\/i><\/div><div id=\"elementor-tab-content-5191\" class=\"eael-accordion-content clearfix\" data-tab=\"1\" aria-labelledby=\"budget-analystconstruction-manager-building-and-construction-management-litomyl\"><p>Place of work: Litomy\u0161l<br \/>Type of employment: Full-time<br \/>Length of employment: Indefinite<\/p>\n<h4> <\/h4>\n<h4>What kind of work will you be doing?<\/h4>\n<ul>\n<li>Making cost estimates for jobs involving central heating, sanition systems, gas, and ventilation<\/li>\n<li>Designing technical solutions for jobs involving central heating, sanition systems, gas, and ventilation<\/li>\n<li>Providing preparation work &amp; technical support for contracts to be realized<\/li>\n<li>Helping create groundwork materials for invoicing individual orders<\/li>\n<li>Preparing documents for public tenders<\/li>\n<li>Communication with customers<\/li>\n<\/ul>\n<h4> <\/h4>\n<h4>What do we expect from you?<\/h4>\n<ul>\n<li>Civil Engineering High School\/University with a specialization in HVAC<\/li>\n<li>Above-average PC skills. Experience with MS Word, MS Excel, Outlook, internet usage, and (preferentially) the budgeting program KROS.<\/li>\n<li>A proactive personality<\/li>\n<li>Excellent knowledge of new HVAC technologies<\/li>\n<li>Time flexibility<\/li>\n<li>Class B driving licence<\/li>\n<li>Employment start date by agreement<\/li>\n<\/ul>\n<h4> <\/h4>\n<h4>What we can offer you<\/h4>\n<ul>\n<li>Work in Litomy\u0161l<\/li>\n<li>A stable company environment \u2013 we have been on the market for 28 years<\/li>\n<li>Professional and personal development<\/li>\n<li>Mobile phone, meal allowance<\/li>\n<li>Motivational salary assessment<\/li>\n<li>Work on technically demanding and interesting non-traditional projects<\/li>\n<li><strong>Benefits: <\/strong>25 vacation days, mobile phone, meal allowances, pension and liability insurance contributions, career growth in line with company expansion, discounts on company products, contributions to leisure activities as well as professional education and courses.<\/li>\n<\/ul>\n<\/div>\n\t\t\t\t\t<\/div><div class=\"eael-accordion-list\">\n\t\t\t\t\t<div id=\"installation-technician-litomyl\" class=\"elementor-tab-title eael-accordion-header\" tabindex=\"0\" data-tab=\"2\" aria-controls=\"elementor-tab-content-5192\"><span class=\"eael-advanced-accordion-icon-closed\"><i aria-hidden=\"true\" class=\"fa-accordion-icon fas fa-plus\"><\/i><\/span><span class=\"eael-advanced-accordion-icon-opened\"><\/span><span class=\"eael-accordion-tab-title\">Installation Technician (Litomy\u0161l)<\/span><i aria-hidden=\"true\" class=\"fa-toggle fas fa-angle-right\"><\/i><\/div><div id=\"elementor-tab-content-5192\" class=\"eael-accordion-content clearfix\" data-tab=\"2\" aria-labelledby=\"installation-technician-litomyl\"><p>Place of work: Litomy\u0161l<br \/>Type of employment: Full-time<br \/>Length of employment: Indefinite<\/p>\n<h4> <\/h4>\n<h4>What kind of work will you be doing?<\/h4>\n<ul>\n<li>Manual activities for projects involving heating, plumbing, gas, duct\/pipeline systems, welding, painting, and pipe insulation on our construction sites<\/li>\n<li>Work at heights using aerial work platforms or scaffolding<\/li>\n<li>Handing over your work to the contract manager or construction manager<\/li>\n<\/ul>\n<h4> <\/h4>\n<h4>What do we expect from you?<\/h4>\n<ul>\n<li>Experience with installation work<\/li>\n<li>Training in a technical field<\/li>\n<li>Welding certification \u2013 gas flame or arc welding, tig welding would be an advantage<\/li>\n<li>Pipe fusion welding, flame soldering (copper)<\/li>\n<li>Class B driving licence<\/li>\n<li>Time flexibility<\/li>\n<\/ul>\n<h4> <\/h4>\n<h4>What we can offer you<\/h4>\n<ul>\n<li>We are a strong, stable company in the HVAC industry with good future prospects<\/li>\n<li>We know how to appreciate good work<\/li>\n<li><strong>Benefits:<\/strong><br \/>Allowances for meals and transport, pension and liability insurance, bonuses dependent on job difficulty, 25 vacation days, discounts on company products<\/li>\n<\/ul><\/p>\n<\/div>\n\t\t\t\t\t<\/div><div class=\"eael-accordion-list\">\n\t\t\t\t\t<div id=\"hvac-designer-brno\" class=\"elementor-tab-title eael-accordion-header\" tabindex=\"0\" data-tab=\"3\" aria-controls=\"elementor-tab-content-5193\"><span class=\"eael-advanced-accordion-icon-closed\"><i aria-hidden=\"true\" class=\"fa-accordion-icon fas fa-plus\"><\/i><\/span><span class=\"eael-advanced-accordion-icon-opened\"><\/span><span class=\"eael-accordion-tab-title\">HVAC Designer (Brno)<\/span><i aria-hidden=\"true\" class=\"fa-toggle fas fa-angle-right\"><\/i><\/div><div id=\"elementor-tab-content-5193\" class=\"eael-accordion-content clearfix\" data-tab=\"3\" aria-labelledby=\"hvac-designer-brno\"><p>Are you interested in working in a dynamically developing company? Do you want to be part of a friendly team? Do you like working at a company where you can influence the work, your opinion matters, and your employer respects you?   <br \/>If you answered yes, respond to our ad and become part of our team!<\/p>\n<p>Place of work: Brno<br \/>Type of employment: Full-time<br \/>Length of employment: Indefinite<\/p>\n<h4>What type of work will you be doing?<\/h4>\n<ul>\n<li><strong>Preparing technical solutions and project documentation for<\/strong> HVAC equipment, coordinating other technical systems within project planning<\/li>\n<li><strong>Technical support<\/strong> during project realization<\/li>\n<li>Responsibility for project accuracy and completeness<\/li>\n<li>Communication with customers<\/li>\n<\/ul>\n<h4> <\/h4>\n<h4>What do we expect from you?<\/h4>\n<ul>\n<li>A minimum of 2 years of experience in the field<\/li>\n<li>A university degree with a focus on HVAC (civil\/mechanical engineering faculty)<\/li>\n<li>Class B driving licence<\/li>\n<li>Knowledge of the English language \u2013 advanced knowledge is a plus<\/li>\n<li>Knowledge of AutoCad, MS Office<\/li>\n<li>Communication skills<\/li>\n<li>Time flexibility<\/li>\n<\/ul>\n<h4> <\/h4>\n<h4>What we can offer you<\/h4>\n<ul>\n<li>We are a strong, stable company in the HVAC industry with good future prospects.<\/li>\n<li>We know how to appreciate good work and motivate employees<\/li>\n<li><strong>Benefits:<\/strong><br \/>Meal allowances, 25 vacation days, pension and liability insurance, career growth in line with company expansion, discounts on company products, contributions to leisure activities as well as professional education and courses<\/li>\n<\/ul><\/p>\n<\/div>\n\t\t\t\t\t<\/div><\/div>\t\t\t\t<\/div>\n\t\t\t\t<\/div>\n\t\t\t\t\t<\/div>\n\t\t<\/div>\n\t\t\t\t\t<\/div>\n\t\t<\/section>\n\t\t\t\t<\/div>\n\t\t","protected":false},"excerpt":{"rendered":"<p>careers Current vacancies for employment at TERMOMONT s.r.o. Candidates are selected on the basis of a competitive selection process. Please send a basic CV to: ekubesova@termomont.cz. Budget Analyst\/Construction Manager \u2013 Building and Construction Management (Litomy\u0161l) Place of work: Litomy\u0161lType of employment: Full-timeLength of employment: Indefinite What kind of work will you be doing? Making cost [&hellip;]<\/p>\n","protected":false},"author":2,"featured_media":0,"parent":0,"menu_order":0,"comment_status":"closed","ping_status":"closed","template":"","meta":{"inline_featured_image":false,"footnotes":""},"class_list":["post-1656","page","type-page","status-publish","hentry"],"yoast_head":"<!-- This site is optimized with the Yoast SEO plugin v27.2 - https:\/\/yoast.com\/product\/yoast-seo-wordpress\/ -->\n<title>Careers - Termomont<\/title>\n<meta name=\"robots\" content=\"index, follow, max-snippet:-1, max-image-preview:large, max-video-preview:-1\" \/>\n<link rel=\"canonical\" href=\"https:\/\/termomont.cz\/en\/careers\/\" \/>\n<meta property=\"og:locale\" content=\"en_US\" \/>\n<meta property=\"og:type\" content=\"article\" \/>\n<meta property=\"og:title\" content=\"Careers - Termomont\" \/>\n<meta property=\"og:description\" content=\"careers Current vacancies for employment at TERMOMONT s.r.o. Candidates are selected on the basis of a competitive selection process. Please send a basic CV to: ekubesova@termomont.cz. Budget Analyst\/Construction Manager \u2013 Building and Construction Management (Litomy\u0161l) Place of work: Litomy\u0161lType of employment: Full-timeLength of employment: Indefinite What kind of work will you be doing? Making cost [&hellip;]\" \/>\n<meta property=\"og:url\" content=\"https:\/\/termomont.cz\/en\/careers\/\" \/>\n<meta property=\"og:site_name\" content=\"Termomont\" \/>\n<meta property=\"article:modified_time\" content=\"2023-07-28T07:30:29+00:00\" \/>\n<meta name=\"twitter:card\" content=\"summary_large_image\" \/>\n<meta name=\"twitter:label1\" content=\"Est. reading time\" \/>\n\t<meta name=\"twitter:data1\" content=\"3 minutes\" \/>\n<script type=\"application\/ld+json\" class=\"yoast-schema-graph\">{\"@context\":\"https:\/\/schema.org\",\"@graph\":[{\"@type\":\"WebPage\",\"@id\":\"https:\/\/termomont.cz\/en\/careers\/\",\"url\":\"https:\/\/termomont.cz\/en\/careers\/\",\"name\":\"Careers - Termomont\",\"isPartOf\":{\"@id\":\"https:\/\/termomont.cz\/#website\"},\"datePublished\":\"2023-07-19T08:07:14+00:00\",\"dateModified\":\"2023-07-28T07:30:29+00:00\",\"breadcrumb\":{\"@id\":\"https:\/\/termomont.cz\/en\/careers\/#breadcrumb\"},\"inLanguage\":\"en-US\",\"potentialAction\":[{\"@type\":\"ReadAction\",\"target\":[\"https:\/\/termomont.cz\/en\/careers\/\"]}]},{\"@type\":\"BreadcrumbList\",\"@id\":\"https:\/\/termomont.cz\/en\/careers\/#breadcrumb\",\"itemListElement\":[{\"@type\":\"ListItem\",\"position\":1,\"name\":\"Dom\u016f\",\"item\":\"https:\/\/termomont.cz\/en\/front-page\/\"},{\"@type\":\"ListItem\",\"position\":2,\"name\":\"Careers\"}]},{\"@type\":\"WebSite\",\"@id\":\"https:\/\/termomont.cz\/#website\",\"url\":\"https:\/\/termomont.cz\/\",\"name\":\"Termomont\",\"description\":\"V\u00e1\u0161 pr\u016fvodce sv\u011btem TZB od projekce a\u017e po servis\",\"publisher\":{\"@id\":\"https:\/\/termomont.cz\/#organization\"},\"potentialAction\":[{\"@type\":\"SearchAction\",\"target\":{\"@type\":\"EntryPoint\",\"urlTemplate\":\"https:\/\/termomont.cz\/?s={search_term_string}\"},\"query-input\":{\"@type\":\"PropertyValueSpecification\",\"valueRequired\":true,\"valueName\":\"search_term_string\"}}],\"inLanguage\":\"en-US\"},{\"@type\":\"Organization\",\"@id\":\"https:\/\/termomont.cz\/#organization\",\"name\":\"Termomont\",\"url\":\"https:\/\/termomont.cz\/\",\"logo\":{\"@type\":\"ImageObject\",\"inLanguage\":\"en-US\",\"@id\":\"https:\/\/termomont.cz\/#\/schema\/logo\/image\/\",\"url\":\"https:\/\/termomont.cz\/wp-content\/uploads\/logo.png\",\"contentUrl\":\"https:\/\/termomont.cz\/wp-content\/uploads\/logo.png\",\"width\":244,\"height\":213,\"caption\":\"Termomont\"},\"image\":{\"@id\":\"https:\/\/termomont.cz\/#\/schema\/logo\/image\/\"}}]}<\/script>\n<!-- \/ Yoast SEO plugin. -->","yoast_head_json":{"title":"Careers - Termomont","robots":{"index":"index","follow":"follow","max-snippet":"max-snippet:-1","max-image-preview":"max-image-preview:large","max-video-preview":"max-video-preview:-1"},"canonical":"https:\/\/termomont.cz\/en\/careers\/","og_locale":"en_US","og_type":"article","og_title":"Careers - Termomont","og_description":"careers Current vacancies for employment at TERMOMONT s.r.o. Candidates are selected on the basis of a competitive selection process. Please send a basic CV to: ekubesova@termomont.cz. Budget Analyst\/Construction Manager \u2013 Building and Construction Management (Litomy\u0161l) Place of work: Litomy\u0161lType of employment: Full-timeLength of employment: Indefinite What kind of work will you be doing? Making cost [&hellip;]","og_url":"https:\/\/termomont.cz\/en\/careers\/","og_site_name":"Termomont","article_modified_time":"2023-07-28T07:30:29+00:00","twitter_card":"summary_large_image","twitter_misc":{"Est. reading time":"3 minutes"},"schema":{"@context":"https:\/\/schema.org","@graph":[{"@type":"WebPage","@id":"https:\/\/termomont.cz\/en\/careers\/","url":"https:\/\/termomont.cz\/en\/careers\/","name":"Careers - Termomont","isPartOf":{"@id":"https:\/\/termomont.cz\/#website"},"datePublished":"2023-07-19T08:07:14+00:00","dateModified":"2023-07-28T07:30:29+00:00","breadcrumb":{"@id":"https:\/\/termomont.cz\/en\/careers\/#breadcrumb"},"inLanguage":"en-US","potentialAction":[{"@type":"ReadAction","target":["https:\/\/termomont.cz\/en\/careers\/"]}]},{"@type":"BreadcrumbList","@id":"https:\/\/termomont.cz\/en\/careers\/#breadcrumb","itemListElement":[{"@type":"ListItem","position":1,"name":"Dom\u016f","item":"https:\/\/termomont.cz\/en\/front-page\/"},{"@type":"ListItem","position":2,"name":"Careers"}]},{"@type":"WebSite","@id":"https:\/\/termomont.cz\/#website","url":"https:\/\/termomont.cz\/","name":"Termomont","description":"V\u00e1\u0161 pr\u016fvodce sv\u011btem TZB od projekce a\u017e po servis","publisher":{"@id":"https:\/\/termomont.cz\/#organization"},"potentialAction":[{"@type":"SearchAction","target":{"@type":"EntryPoint","urlTemplate":"https:\/\/termomont.cz\/?s={search_term_string}"},"query-input":{"@type":"PropertyValueSpecification","valueRequired":true,"valueName":"search_term_string"}}],"inLanguage":"en-US"},{"@type":"Organization","@id":"https:\/\/termomont.cz\/#organization","name":"Termomont","url":"https:\/\/termomont.cz\/","logo":{"@type":"ImageObject","inLanguage":"en-US","@id":"https:\/\/termomont.cz\/#\/schema\/logo\/image\/","url":"https:\/\/termomont.cz\/wp-content\/uploads\/logo.png","contentUrl":"https:\/\/termomont.cz\/wp-content\/uploads\/logo.png","width":244,"height":213,"caption":"Termomont"},"image":{"@id":"https:\/\/termomont.cz\/#\/schema\/logo\/image\/"}}]}},"_links":{"self":[{"href":"https:\/\/termomont.cz\/en\/wp-json\/wp\/v2\/pages\/1656","targetHints":{"allow":["GET"]}}],"collection":[{"href":"https:\/\/termomont.cz\/en\/wp-json\/wp\/v2\/pages"}],"about":[{"href":"https:\/\/termomont.cz\/en\/wp-json\/wp\/v2\/types\/page"}],"author":[{"embeddable":true,"href":"https:\/\/termomont.cz\/en\/wp-json\/wp\/v2\/users\/2"}],"replies":[{"embeddable":true,"href":"https:\/\/termomont.cz\/en\/wp-json\/wp\/v2\/comments?post=1656"}],"version-history":[{"count":0,"href":"https:\/\/termomont.cz\/en\/wp-json\/wp\/v2\/pages\/1656\/revisions"}],"wp:attachment":[{"href":"https:\/\/termomont.cz\/en\/wp-json\/wp\/v2\/media?parent=1656"}],"curies":[{"name":"wp","href":"https:\/\/api.w.org\/{rel}","templated":true}]}}