{"id":1664,"date":"2023-07-19T10:08:22","date_gmt":"2023-07-19T08:08:22","guid":{"rendered":"https:\/\/termomont.cz\/measurement-and-control\/"},"modified":"2023-07-28T09:09:55","modified_gmt":"2023-07-28T07:09:55","slug":"measurement-and-control","status":"publish","type":"page","link":"https:\/\/termomont.cz\/en\/measurement-and-control\/","title":{"rendered":"Measurement and Regulation"},"content":{"rendered":"\t\t<div data-elementor-type=\"wp-page\" data-elementor-id=\"1664\" class=\"elementor elementor-1664 elementor-1182\" data-elementor-post-type=\"page\">\n\t\t\t\t\t\t<section data-particle_enable=\"false\" data-particle-mobile-disabled=\"false\" class=\"elementor-section elementor-top-section elementor-element elementor-element-cf62823 sluzby-bg-bg elementor-section-boxed elementor-section-height-default elementor-section-height-default\" data-id=\"cf62823\" data-element_type=\"section\" data-e-type=\"section\" data-settings=\"{&quot;background_background&quot;:&quot;classic&quot;}\">\n\t\t\t\t\t\t\t<div class=\"elementor-background-overlay\"><\/div>\n\t\t\t\t\t\t\t<div class=\"elementor-container elementor-column-gap-default\">\n\t\t\t\t\t<div class=\"elementor-column elementor-col-100 elementor-top-column elementor-element elementor-element-7010e4c\" data-id=\"7010e4c\" data-element_type=\"column\" data-e-type=\"column\">\n\t\t\t<div class=\"elementor-widget-wrap elementor-element-populated\">\n\t\t\t\t\t\t<section data-particle_enable=\"false\" data-particle-mobile-disabled=\"false\" class=\"elementor-section elementor-inner-section elementor-element elementor-element-65e64e8 elementor-section-full_width elementor-section-height-default elementor-section-height-default\" data-id=\"65e64e8\" data-element_type=\"section\" data-e-type=\"section\">\n\t\t\t\t\t\t<div class=\"elementor-container elementor-column-gap-extended\">\n\t\t\t\t\t<div class=\"elementor-column elementor-col-50 elementor-inner-column elementor-element elementor-element-e30037c elementor-invisible\" data-id=\"e30037c\" data-element_type=\"column\" data-e-type=\"column\" data-settings=\"{&quot;animation&quot;:&quot;fadeIn&quot;}\">\n\t\t\t<div class=\"elementor-widget-wrap elementor-element-populated\">\n\t\t\t\t\t\t<div class=\"elementor-element elementor-element-bb3407c elementor-widget elementor-widget-heading\" data-id=\"bb3407c\" data-element_type=\"widget\" data-e-type=\"widget\" data-widget_type=\"heading.default\">\n\t\t\t\t<div class=\"elementor-widget-container\">\n\t\t\t\t\t<h1 class=\"elementor-heading-title elementor-size-default\">measurement and regulation<\/h1>\t\t\t\t<\/div>\n\t\t\t\t<\/div>\n\t\t\t\t<div class=\"elementor-element elementor-element-8a18111 elementor-widget elementor-widget-text-editor\" data-id=\"8a18111\" data-element_type=\"widget\" data-e-type=\"widget\" data-widget_type=\"text-editor.default\">\n\t\t\t\t<div class=\"elementor-widget-container\">\n\t\t\t\t\t\t\t\t\t<p>The field of measurement and regulation is closely related to our other activities, especially in the fields of heating, cooling, material distribution, ventilation, and air conditioning. Modern measurement and regulation elements can significantly optimize the regulation and efficiency of heating, cooling, and technological systems. Our staff has many years of experience in the field of regulation technology, which guarantees that the measurement and control systems we design are reliable. Before coming up with our designs, we conduct an analysis to ensure the solution is optimal. Each project realization includes training HVAC equipment operators and developing operating rules.    <\/p>\n\t\t\t\t\t\t\t\t<\/div>\n\t\t\t\t<\/div>\n\t\t\t\t\t<\/div>\n\t\t<\/div>\n\t\t\t\t<div class=\"elementor-column elementor-col-50 elementor-inner-column elementor-element elementor-element-5cc00e8 elementor-invisible\" data-id=\"5cc00e8\" data-element_type=\"column\" data-e-type=\"column\" data-settings=\"{&quot;animation&quot;:&quot;fadeIn&quot;,&quot;animation_delay&quot;:200}\">\n\t\t\t<div class=\"elementor-widget-wrap elementor-element-populated\">\n\t\t\t\t\t\t<div class=\"elementor-element elementor-element-558a5cb elementor-widget elementor-widget-gallery\" data-id=\"558a5cb\" data-element_type=\"widget\" data-e-type=\"widget\" data-settings=\"{&quot;columns&quot;:3,&quot;columns_tablet&quot;:6,&quot;columns_mobile_extra&quot;:3,&quot;columns_mobile&quot;:2,&quot;gap&quot;:{&quot;unit&quot;:&quot;px&quot;,&quot;size&quot;:25,&quot;sizes&quot;:[]},&quot;aspect_ratio&quot;:&quot;1:1&quot;,&quot;lazyload&quot;:&quot;yes&quot;,&quot;gallery_layout&quot;:&quot;grid&quot;,&quot;gap_widescreen&quot;:{&quot;unit&quot;:&quot;px&quot;,&quot;size&quot;:&quot;&quot;,&quot;sizes&quot;:[]},&quot;gap_laptop&quot;:{&quot;unit&quot;:&quot;px&quot;,&quot;size&quot;:10,&quot;sizes&quot;:[]},&quot;gap_tablet_extra&quot;:{&quot;unit&quot;:&quot;px&quot;,&quot;size&quot;:10,&quot;sizes&quot;:[]},&quot;gap_tablet&quot;:{&quot;unit&quot;:&quot;px&quot;,&quot;size&quot;:10,&quot;sizes&quot;:[]},&quot;gap_mobile_extra&quot;:{&quot;unit&quot;:&quot;px&quot;,&quot;size&quot;:10,&quot;sizes&quot;:[]},&quot;gap_mobile&quot;:{&quot;unit&quot;:&quot;px&quot;,&quot;size&quot;:10,&quot;sizes&quot;:[]},&quot;link_to&quot;:&quot;file&quot;,&quot;overlay_background&quot;:&quot;yes&quot;,&quot;content_hover_animation&quot;:&quot;fade-in&quot;}\" data-widget_type=\"gallery.default\">\n\t\t\t\t<div class=\"elementor-widget-container\">\n\t\t\t\t\t\t\t<div class=\"elementor-gallery__container\">\n\t\t\t\t\t\t\t<a class=\"e-gallery-item elementor-gallery-item elementor-animated-content\" href=\"https:\/\/termomont.cz\/wp-content\/uploads\/dc4ce611-1b98-43a9-ad3f-d35070c7273d.jpg\" data-elementor-open-lightbox=\"yes\" data-elementor-lightbox-slideshow=\"558a5cb\" data-elementor-lightbox-title=\"dc4ce611-1b98-43a9-ad3f-d35070c7273d\" data-e-action-hash=\"#elementor-action%3Aaction%3Dlightbox%26settings%3DeyJpZCI6MTAwOCwidXJsIjoiaHR0cHM6XC9cL3Rlcm1vbW9udC5jelwvd3AtY29udGVudFwvdXBsb2Fkc1wvZGM0Y2U2MTEtMWI5OC00M2E5LWFkM2YtZDM1MDcwYzcyNzNkLmpwZyIsInNsaWRlc2hvdyI6IjU1OGE1Y2IifQ%3D%3D\">\n\t\t\t\t\t<div class=\"e-gallery-image elementor-gallery-item__image\" data-thumbnail=\"https:\/\/termomont.cz\/wp-content\/uploads\/dc4ce611-1b98-43a9-ad3f-d35070c7273d-225x300.jpg\" data-width=\"225\" data-height=\"300\" aria-label=\"\" role=\"img\" ><\/div>\n\t\t\t\t\t\t\t\t\t\t\t<div class=\"elementor-gallery-item__overlay\"><\/div>\n\t\t\t\t\t\t\t\t\t\t\t\t\t\t<\/a>\n\t\t\t\t\t\t\t<a class=\"e-gallery-item elementor-gallery-item elementor-animated-content\" href=\"https:\/\/termomont.cz\/wp-content\/uploads\/DSC_0129-scaled.jpg\" data-elementor-open-lightbox=\"yes\" data-elementor-lightbox-slideshow=\"558a5cb\" data-elementor-lightbox-title=\"DSC_0129\" data-e-action-hash=\"#elementor-action%3Aaction%3Dlightbox%26settings%3DeyJpZCI6MTAwOSwidXJsIjoiaHR0cHM6XC9cL3Rlcm1vbW9udC5jelwvd3AtY29udGVudFwvdXBsb2Fkc1wvRFNDXzAxMjktc2NhbGVkLmpwZyIsInNsaWRlc2hvdyI6IjU1OGE1Y2IifQ%3D%3D\">\n\t\t\t\t\t<div class=\"e-gallery-image elementor-gallery-item__image\" data-thumbnail=\"https:\/\/termomont.cz\/wp-content\/uploads\/DSC_0129-169x300.jpg\" data-width=\"169\" data-height=\"300\" aria-label=\"\" role=\"img\" ><\/div>\n\t\t\t\t\t\t\t\t\t\t\t<div class=\"elementor-gallery-item__overlay\"><\/div>\n\t\t\t\t\t\t\t\t\t\t\t\t\t\t<\/a>\n\t\t\t\t\t\t\t<a class=\"e-gallery-item elementor-gallery-item elementor-animated-content\" href=\"https:\/\/termomont.cz\/wp-content\/uploads\/DSC_0130-scaled.jpg\" data-elementor-open-lightbox=\"yes\" data-elementor-lightbox-slideshow=\"558a5cb\" data-elementor-lightbox-title=\"DSC_0130\" data-e-action-hash=\"#elementor-action%3Aaction%3Dlightbox%26settings%3DeyJpZCI6MTAxMCwidXJsIjoiaHR0cHM6XC9cL3Rlcm1vbW9udC5jelwvd3AtY29udGVudFwvdXBsb2Fkc1wvRFNDXzAxMzAtc2NhbGVkLmpwZyIsInNsaWRlc2hvdyI6IjU1OGE1Y2IifQ%3D%3D\">\n\t\t\t\t\t<div class=\"e-gallery-image elementor-gallery-item__image\" data-thumbnail=\"https:\/\/termomont.cz\/wp-content\/uploads\/DSC_0130-300x169.jpg\" data-width=\"300\" data-height=\"169\" aria-label=\"\" role=\"img\" ><\/div>\n\t\t\t\t\t\t\t\t\t\t\t<div class=\"elementor-gallery-item__overlay\"><\/div>\n\t\t\t\t\t\t\t\t\t\t\t\t\t\t<\/a>\n\t\t\t\t\t\t\t<a class=\"e-gallery-item elementor-gallery-item elementor-animated-content\" href=\"https:\/\/termomont.cz\/wp-content\/uploads\/DSC_0131-scaled.jpg\" data-elementor-open-lightbox=\"yes\" data-elementor-lightbox-slideshow=\"558a5cb\" data-elementor-lightbox-title=\"DSC_0131\" data-e-action-hash=\"#elementor-action%3Aaction%3Dlightbox%26settings%3DeyJpZCI6MTAxMiwidXJsIjoiaHR0cHM6XC9cL3Rlcm1vbW9udC5jelwvd3AtY29udGVudFwvdXBsb2Fkc1wvRFNDXzAxMzEtc2NhbGVkLmpwZyIsInNsaWRlc2hvdyI6IjU1OGE1Y2IifQ%3D%3D\">\n\t\t\t\t\t<div class=\"e-gallery-image elementor-gallery-item__image\" data-thumbnail=\"https:\/\/termomont.cz\/wp-content\/uploads\/DSC_0131-300x169.jpg\" data-width=\"300\" data-height=\"169\" aria-label=\"\" role=\"img\" ><\/div>\n\t\t\t\t\t\t\t\t\t\t\t<div class=\"elementor-gallery-item__overlay\"><\/div>\n\t\t\t\t\t\t\t\t\t\t\t\t\t\t<\/a>\n\t\t\t\t\t\t\t<a class=\"e-gallery-item elementor-gallery-item elementor-animated-content\" href=\"https:\/\/termomont.cz\/wp-content\/uploads\/IMG_4262-scaled.jpg\" data-elementor-open-lightbox=\"yes\" data-elementor-lightbox-slideshow=\"558a5cb\" data-elementor-lightbox-title=\"IMG_4262\" data-e-action-hash=\"#elementor-action%3Aaction%3Dlightbox%26settings%3DeyJpZCI6MTAxMywidXJsIjoiaHR0cHM6XC9cL3Rlcm1vbW9udC5jelwvd3AtY29udGVudFwvdXBsb2Fkc1wvSU1HXzQyNjItc2NhbGVkLmpwZyIsInNsaWRlc2hvdyI6IjU1OGE1Y2IifQ%3D%3D\">\n\t\t\t\t\t<div class=\"e-gallery-image elementor-gallery-item__image\" data-thumbnail=\"https:\/\/termomont.cz\/wp-content\/uploads\/IMG_4262-225x300.jpg\" data-width=\"225\" data-height=\"300\" aria-label=\"\" role=\"img\" ><\/div>\n\t\t\t\t\t\t\t\t\t\t\t<div class=\"elementor-gallery-item__overlay\"><\/div>\n\t\t\t\t\t\t\t\t\t\t\t\t\t\t<\/a>\n\t\t\t\t\t\t\t<a class=\"e-gallery-item elementor-gallery-item elementor-animated-content\" href=\"https:\/\/termomont.cz\/wp-content\/uploads\/20161205_142642-rotated.jpg\" data-elementor-open-lightbox=\"yes\" data-elementor-lightbox-slideshow=\"558a5cb\" data-elementor-lightbox-title=\"20161205_142642\" data-e-action-hash=\"#elementor-action%3Aaction%3Dlightbox%26settings%3DeyJpZCI6MTAxNCwidXJsIjoiaHR0cHM6XC9cL3Rlcm1vbW9udC5jelwvd3AtY29udGVudFwvdXBsb2Fkc1wvMjAxNjEyMDVfMTQyNjQyLXJvdGF0ZWQuanBnIiwic2xpZGVzaG93IjoiNTU4YTVjYiJ9\">\n\t\t\t\t\t<div class=\"e-gallery-image elementor-gallery-item__image\" data-thumbnail=\"https:\/\/termomont.cz\/wp-content\/uploads\/20161205_142642-225x300.jpg\" data-width=\"225\" data-height=\"300\" aria-label=\"\" role=\"img\" ><\/div>\n\t\t\t\t\t\t\t\t\t\t\t<div class=\"elementor-gallery-item__overlay\"><\/div>\n\t\t\t\t\t\t\t\t\t\t\t\t\t\t<\/a>\n\t\t\t\t\t<\/div>\n\t\t\t\t\t<\/div>\n\t\t\t\t<\/div>\n\t\t\t\t\t<\/div>\n\t\t<\/div>\n\t\t\t\t\t<\/div>\n\t\t<\/section>\n\t\t\t\t\t<\/div>\n\t\t<\/div>\n\t\t\t\t\t<\/div>\n\t\t<\/section>\n\t\t\t\t<section data-particle_enable=\"false\" data-particle-mobile-disabled=\"false\" class=\"elementor-section elementor-top-section elementor-element elementor-element-908cd89 sluzba-popis elementor-section-boxed elementor-section-height-default elementor-section-height-default\" data-id=\"908cd89\" data-element_type=\"section\" data-e-type=\"section\" data-settings=\"{&quot;background_background&quot;:&quot;classic&quot;}\">\n\t\t\t\t\t\t\t<div class=\"elementor-background-overlay\"><\/div>\n\t\t\t\t\t\t\t<div class=\"elementor-container elementor-column-gap-default\">\n\t\t\t\t\t<div class=\"elementor-column elementor-col-50 elementor-top-column elementor-element elementor-element-60d41cd\" data-id=\"60d41cd\" data-element_type=\"column\" data-e-type=\"column\">\n\t\t\t<div class=\"elementor-widget-wrap elementor-element-populated\">\n\t\t\t\t\t\t<div class=\"elementor-element elementor-element-ffb578a elementor-widget elementor-widget-text-editor\" data-id=\"ffb578a\" data-element_type=\"widget\" data-e-type=\"widget\" data-widget_type=\"text-editor.default\">\n\t\t\t\t<div class=\"elementor-widget-container\">\n\t\t\t\t\t\t\t\t\t<h4>our services focus on:<\/h4>\n<ul>\n<li>HVAC system control and regulation<\/li>\n<li>controlling technological processes<\/li>\n<li>measuring variables \u2013 diagnostics<\/li>\n<li>balancing and adjusting heating and cooling systems as well as ventilation<\/li>\n<\/ul>\n\t\t\t\t\t\t\t\t<\/div>\n\t\t\t\t<\/div>\n\t\t\t\t<div class=\"elementor-element elementor-element-167bd66 elementor-widget elementor-widget-text-editor\" data-id=\"167bd66\" data-element_type=\"widget\" data-e-type=\"widget\" data-widget_type=\"text-editor.default\">\n\t\t\t\t<div class=\"elementor-widget-container\">\n\t\t\t\t\t\t\t\t\t<h4>measuring variables:<\/h4>\n<ul>\n<li>accurate value measurements to obtain actual input parameters<\/li>\n<li>inspection of gauges, flowmeters and other means of analysis \u2013 accuracy tracking and subsequent calibration<\/li>\n<li>measuring water flow for heating and cooling systems<\/li>\n<\/ul>\n\t\t\t\t\t\t\t\t<\/div>\n\t\t\t\t<\/div>\n\t\t\t\t<div class=\"elementor-element elementor-element-b3569cb elementor-widget elementor-widget-text-editor\" data-id=\"b3569cb\" data-element_type=\"widget\" data-e-type=\"widget\" data-widget_type=\"text-editor.default\">\n\t\t\t\t<div class=\"elementor-widget-container\">\n\t\t\t\t\t\t\t\t\t<h4><strong>measurement units for air conditioning and ventilation:<br \/><\/strong><\/h4>\n<ul>\n<li>accurate value measurement to obtain actual input parameters<\/li>\n<li>inspecting gauges, flowmeters, and other means of analysis \u2013 accuracy tracking and subsequent calibration<\/li>\n<li>eliminating gauge\/meter deviation without the need for dismantlement \u2013 savings, reduced maintenance frequency<\/li>\n<li>air analysis<\/li>\n<li>water flow measurement for heating and cooling systems<\/li>\n<\/ul>\n\t\t\t\t\t\t\t\t<\/div>\n\t\t\t\t<\/div>\n\t\t\t\t<div class=\"elementor-element elementor-element-c737bfe elementor-widget elementor-widget-text-editor\" data-id=\"c737bfe\" data-element_type=\"widget\" data-e-type=\"widget\" data-widget_type=\"text-editor.default\">\n\t\t\t\t<div class=\"elementor-widget-container\">\n\t\t\t\t\t\t\t\t\t<h4><strong>balancing units:<\/strong><\/h4>\n<p>We use an efficient type of balancing unit to measure the water flow in heating and cooling systems \u2013 fast and efficient balancing, quick error diagnosis. <\/p>\n<ul>\n<li>total pressure, pressure differential, flow rate, fluid temperature, hydronic system performance<\/li>\n<li>graphic presentation in the form of time graphs<\/li>\n<\/ul>\n\t\t\t\t\t\t\t\t<\/div>\n\t\t\t\t<\/div>\n\t\t\t\t\t<\/div>\n\t\t<\/div>\n\t\t\t\t<div class=\"elementor-column elementor-col-50 elementor-top-column elementor-element elementor-element-da26a3d\" data-id=\"da26a3d\" data-element_type=\"column\" data-e-type=\"column\">\n\t\t\t<div class=\"elementor-widget-wrap elementor-element-populated\">\n\t\t\t\t\t\t<div class=\"elementor-element elementor-element-2e666db elementor-widget elementor-widget-text-editor\" data-id=\"2e666db\" data-element_type=\"widget\" data-e-type=\"widget\" data-widget_type=\"text-editor.default\">\n\t\t\t\t<div class=\"elementor-widget-container\">\n\t\t\t\t\t\t\t\t\t<h4>the scope of our activities in the field of measurement and regulation:<\/h4>\n<ul>\n<li>analysis<\/li>\n<li>the concept of system management<\/li>\n<li>project documentation<\/li>\n<li>supply\/delivery<\/li>\n<li>installation and operator training<\/li>\n<li>warranty and post-warranty service<\/li>\n<li>diagnostics and optimization<\/li>\n<\/ul>\n\t\t\t\t\t\t\t\t<\/div>\n\t\t\t\t<\/div>\n\t\t\t\t\t<\/div>\n\t\t<\/div>\n\t\t\t\t\t<\/div>\n\t\t<\/section>\n\t\t\t\t<\/div>\n\t\t","protected":false},"excerpt":{"rendered":"<p>measurement and regulation The field of measurement and regulation is closely related to our other activities, especially in the fields of heating, cooling, material distribution, ventilation, and air conditioning. Modern measurement and regulation elements can significantly optimize the regulation and efficiency of heating, cooling, and technological systems. Our staff has many years of experience in [&hellip;]<\/p>\n","protected":false},"author":2,"featured_media":0,"parent":0,"menu_order":0,"comment_status":"closed","ping_status":"closed","template":"","meta":{"inline_featured_image":false,"footnotes":""},"class_list":["post-1664","page","type-page","status-publish","hentry"],"yoast_head":"<!-- This site is optimized with the Yoast SEO plugin v27.2 - https:\/\/yoast.com\/product\/yoast-seo-wordpress\/ -->\n<title>Measurement and Regulation - Termomont<\/title>\n<meta name=\"robots\" content=\"index, follow, max-snippet:-1, max-image-preview:large, max-video-preview:-1\" \/>\n<link rel=\"canonical\" href=\"https:\/\/termomont.cz\/en\/measurement-and-control\/\" \/>\n<meta property=\"og:locale\" content=\"en_US\" \/>\n<meta property=\"og:type\" content=\"article\" \/>\n<meta property=\"og:title\" content=\"Measurement and Regulation - Termomont\" \/>\n<meta property=\"og:description\" content=\"measurement and regulation The field of measurement and regulation is closely related to our other activities, especially in the fields of heating, cooling, material distribution, ventilation, and air conditioning. Modern measurement and regulation elements can significantly optimize the regulation and efficiency of heating, cooling, and technological systems. Our staff has many years of experience in [&hellip;]\" \/>\n<meta property=\"og:url\" content=\"https:\/\/termomont.cz\/en\/measurement-and-control\/\" \/>\n<meta property=\"og:site_name\" content=\"Termomont\" \/>\n<meta property=\"article:modified_time\" content=\"2023-07-28T07:09:55+00:00\" \/>\n<meta name=\"twitter:card\" content=\"summary_large_image\" \/>\n<meta name=\"twitter:label1\" content=\"Est. reading time\" \/>\n\t<meta name=\"twitter:data1\" content=\"1 minute\" \/>\n<script type=\"application\/ld+json\" class=\"yoast-schema-graph\">{\"@context\":\"https:\/\/schema.org\",\"@graph\":[{\"@type\":\"WebPage\",\"@id\":\"https:\/\/termomont.cz\/en\/measurement-and-control\/\",\"url\":\"https:\/\/termomont.cz\/en\/measurement-and-control\/\",\"name\":\"Measurement and Regulation - Termomont\",\"isPartOf\":{\"@id\":\"https:\/\/termomont.cz\/#website\"},\"datePublished\":\"2023-07-19T08:08:22+00:00\",\"dateModified\":\"2023-07-28T07:09:55+00:00\",\"breadcrumb\":{\"@id\":\"https:\/\/termomont.cz\/en\/measurement-and-control\/#breadcrumb\"},\"inLanguage\":\"en-US\",\"potentialAction\":[{\"@type\":\"ReadAction\",\"target\":[\"https:\/\/termomont.cz\/en\/measurement-and-control\/\"]}]},{\"@type\":\"BreadcrumbList\",\"@id\":\"https:\/\/termomont.cz\/en\/measurement-and-control\/#breadcrumb\",\"itemListElement\":[{\"@type\":\"ListItem\",\"position\":1,\"name\":\"Dom\u016f\",\"item\":\"https:\/\/termomont.cz\/en\/front-page\/\"},{\"@type\":\"ListItem\",\"position\":2,\"name\":\"Measurement and Regulation\"}]},{\"@type\":\"WebSite\",\"@id\":\"https:\/\/termomont.cz\/#website\",\"url\":\"https:\/\/termomont.cz\/\",\"name\":\"Termomont\",\"description\":\"V\u00e1\u0161 pr\u016fvodce sv\u011btem TZB od projekce a\u017e po servis\",\"publisher\":{\"@id\":\"https:\/\/termomont.cz\/#organization\"},\"potentialAction\":[{\"@type\":\"SearchAction\",\"target\":{\"@type\":\"EntryPoint\",\"urlTemplate\":\"https:\/\/termomont.cz\/?s={search_term_string}\"},\"query-input\":{\"@type\":\"PropertyValueSpecification\",\"valueRequired\":true,\"valueName\":\"search_term_string\"}}],\"inLanguage\":\"en-US\"},{\"@type\":\"Organization\",\"@id\":\"https:\/\/termomont.cz\/#organization\",\"name\":\"Termomont\",\"url\":\"https:\/\/termomont.cz\/\",\"logo\":{\"@type\":\"ImageObject\",\"inLanguage\":\"en-US\",\"@id\":\"https:\/\/termomont.cz\/#\/schema\/logo\/image\/\",\"url\":\"https:\/\/termomont.cz\/wp-content\/uploads\/logo.png\",\"contentUrl\":\"https:\/\/termomont.cz\/wp-content\/uploads\/logo.png\",\"width\":244,\"height\":213,\"caption\":\"Termomont\"},\"image\":{\"@id\":\"https:\/\/termomont.cz\/#\/schema\/logo\/image\/\"}}]}<\/script>\n<!-- \/ Yoast SEO plugin. -->","yoast_head_json":{"title":"Measurement and Regulation - Termomont","robots":{"index":"index","follow":"follow","max-snippet":"max-snippet:-1","max-image-preview":"max-image-preview:large","max-video-preview":"max-video-preview:-1"},"canonical":"https:\/\/termomont.cz\/en\/measurement-and-control\/","og_locale":"en_US","og_type":"article","og_title":"Measurement and Regulation - Termomont","og_description":"measurement and regulation The field of measurement and regulation is closely related to our other activities, especially in the fields of heating, cooling, material distribution, ventilation, and air conditioning. Modern measurement and regulation elements can significantly optimize the regulation and efficiency of heating, cooling, and technological systems. Our staff has many years of experience in [&hellip;]","og_url":"https:\/\/termomont.cz\/en\/measurement-and-control\/","og_site_name":"Termomont","article_modified_time":"2023-07-28T07:09:55+00:00","twitter_card":"summary_large_image","twitter_misc":{"Est. reading time":"1 minute"},"schema":{"@context":"https:\/\/schema.org","@graph":[{"@type":"WebPage","@id":"https:\/\/termomont.cz\/en\/measurement-and-control\/","url":"https:\/\/termomont.cz\/en\/measurement-and-control\/","name":"Measurement and Regulation - Termomont","isPartOf":{"@id":"https:\/\/termomont.cz\/#website"},"datePublished":"2023-07-19T08:08:22+00:00","dateModified":"2023-07-28T07:09:55+00:00","breadcrumb":{"@id":"https:\/\/termomont.cz\/en\/measurement-and-control\/#breadcrumb"},"inLanguage":"en-US","potentialAction":[{"@type":"ReadAction","target":["https:\/\/termomont.cz\/en\/measurement-and-control\/"]}]},{"@type":"BreadcrumbList","@id":"https:\/\/termomont.cz\/en\/measurement-and-control\/#breadcrumb","itemListElement":[{"@type":"ListItem","position":1,"name":"Dom\u016f","item":"https:\/\/termomont.cz\/en\/front-page\/"},{"@type":"ListItem","position":2,"name":"Measurement and Regulation"}]},{"@type":"WebSite","@id":"https:\/\/termomont.cz\/#website","url":"https:\/\/termomont.cz\/","name":"Termomont","description":"V\u00e1\u0161 pr\u016fvodce sv\u011btem TZB od projekce a\u017e po servis","publisher":{"@id":"https:\/\/termomont.cz\/#organization"},"potentialAction":[{"@type":"SearchAction","target":{"@type":"EntryPoint","urlTemplate":"https:\/\/termomont.cz\/?s={search_term_string}"},"query-input":{"@type":"PropertyValueSpecification","valueRequired":true,"valueName":"search_term_string"}}],"inLanguage":"en-US"},{"@type":"Organization","@id":"https:\/\/termomont.cz\/#organization","name":"Termomont","url":"https:\/\/termomont.cz\/","logo":{"@type":"ImageObject","inLanguage":"en-US","@id":"https:\/\/termomont.cz\/#\/schema\/logo\/image\/","url":"https:\/\/termomont.cz\/wp-content\/uploads\/logo.png","contentUrl":"https:\/\/termomont.cz\/wp-content\/uploads\/logo.png","width":244,"height":213,"caption":"Termomont"},"image":{"@id":"https:\/\/termomont.cz\/#\/schema\/logo\/image\/"}}]}},"_links":{"self":[{"href":"https:\/\/termomont.cz\/en\/wp-json\/wp\/v2\/pages\/1664","targetHints":{"allow":["GET"]}}],"collection":[{"href":"https:\/\/termomont.cz\/en\/wp-json\/wp\/v2\/pages"}],"about":[{"href":"https:\/\/termomont.cz\/en\/wp-json\/wp\/v2\/types\/page"}],"author":[{"embeddable":true,"href":"https:\/\/termomont.cz\/en\/wp-json\/wp\/v2\/users\/2"}],"replies":[{"embeddable":true,"href":"https:\/\/termomont.cz\/en\/wp-json\/wp\/v2\/comments?post=1664"}],"version-history":[{"count":0,"href":"https:\/\/termomont.cz\/en\/wp-json\/wp\/v2\/pages\/1664\/revisions"}],"wp:attachment":[{"href":"https:\/\/termomont.cz\/en\/wp-json\/wp\/v2\/media?parent=1664"}],"curies":[{"name":"wp","href":"https:\/\/api.w.org\/{rel}","templated":true}]}}